{"id":2472,"date":"2024-03-25T11:49:52","date_gmt":"2024-03-25T11:49:52","guid":{"rendered":"https:\/\/dreamice-ks.com\/?post_type=product&#038;p=2472"},"modified":"2025-09-22T18:02:22","modified_gmt":"2025-09-22T18:02:22","slug":"magicco","status":"publish","type":"product","link":"https:\/\/dreamice-ks.com\/index.php\/product\/magicco\/","title":{"rendered":"Magicco"},"content":{"rendered":"<p>Akullore kornet me shije vanilje me mbushje \u00e7okollate, e mb\u00ebshtjellur me \u00e7okollat\u00eb qum\u00ebshti dhe kikirike.<\/p>\n<p>Te ruhet ne -18\u2103. Sasia minimale per porosi 5 cope.<\/p>\n","protected":false},"excerpt":{"rendered":"<p>Akullore kornet me shije vanilje me mbushje \u00e7okollate, e mb\u00ebshtjellur me \u00e7okollat\u00eb qum\u00ebshti dhe kikirike. Te ruhet ne -18\u2103. Sasia minimale per porosi 5 cope.<\/p>\n","protected":false},"featured_media":2473,"comment_status":"open","ping_status":"closed","template":"","meta":[],"product_brand":[],"product_cat":[124],"product_tag":[133],"class_list":{"0":"post-2472","1":"product","2":"type-product","3":"status-publish","4":"has-post-thumbnail","6":"product_cat-impulse-mo","7":"product_tag-akullore","9":"first","10":"instock","11":"taxable","12":"shipping-taxable","13":"purchasable","14":"product-type-simple"},"aioseo_notices":[],"_links":{"self":[{"href":"https:\/\/dreamice-ks.com\/index.php\/wp-json\/wp\/v2\/product\/2472","targetHints":{"allow":["GET"]}}],"collection":[{"href":"https:\/\/dreamice-ks.com\/index.php\/wp-json\/wp\/v2\/product"}],"about":[{"href":"https:\/\/dreamice-ks.com\/index.php\/wp-json\/wp\/v2\/types\/product"}],"replies":[{"embeddable":true,"href":"https:\/\/dreamice-ks.com\/index.php\/wp-json\/wp\/v2\/comments?post=2472"}],"wp:featuredmedia":[{"embeddable":true,"href":"https:\/\/dreamice-ks.com\/index.php\/wp-json\/wp\/v2\/media\/2473"}],"wp:attachment":[{"href":"https:\/\/dreamice-ks.com\/index.php\/wp-json\/wp\/v2\/media?parent=2472"}],"wp:term":[{"taxonomy":"product_brand","embeddable":true,"href":"https:\/\/dreamice-ks.com\/index.php\/wp-json\/wp\/v2\/product_brand?post=2472"},{"taxonomy":"product_cat","embeddable":true,"href":"https:\/\/dreamice-ks.com\/index.php\/wp-json\/wp\/v2\/product_cat?post=2472"},{"taxonomy":"product_tag","embeddable":true,"href":"https:\/\/dreamice-ks.com\/index.php\/wp-json\/wp\/v2\/product_tag?post=2472"}],"curies":[{"name":"wp","href":"https:\/\/api.w.org\/{rel}","templated":true}]}}