{"id":2467,"date":"2024-03-25T11:39:13","date_gmt":"2024-03-25T11:39:13","guid":{"rendered":"https:\/\/dreamice-ks.com\/?post_type=product&#038;p=2467"},"modified":"2025-09-24T06:33:46","modified_gmt":"2025-09-24T06:33:46","slug":"super-eskimo-vanilla","status":"publish","type":"product","link":"https:\/\/dreamice-ks.com\/index.php\/product\/super-eskimo-vanilla\/","title":{"rendered":"Super Eskimo Vanilla"},"content":{"rendered":"<p>Akullore me shije vanile, e mb\u00ebshtjellur me \u00e7okollat\u00eb.<\/p>\n<p>Te ruhet n\u00eb -18\u2103. Sasia minimale per porosi 5 cop\u00eb.<\/p>\n","protected":false},"excerpt":{"rendered":"<p>Akullore me shije vanile, e mb\u00ebshtjellur me \u00e7okollat\u00eb. Te ruhet n\u00eb -18\u2103. Sasia minimale per porosi 5 cop\u00eb.<\/p>\n","protected":false},"featured_media":2469,"comment_status":"open","ping_status":"closed","template":"","meta":[],"product_brand":[],"product_cat":[124],"product_tag":[133],"class_list":{"0":"post-2467","1":"product","2":"type-product","3":"status-publish","4":"has-post-thumbnail","6":"product_cat-impulse-mo","7":"product_tag-akullore","9":"first","10":"instock","11":"taxable","12":"shipping-taxable","13":"purchasable","14":"product-type-simple"},"aioseo_notices":[],"_links":{"self":[{"href":"https:\/\/dreamice-ks.com\/index.php\/wp-json\/wp\/v2\/product\/2467","targetHints":{"allow":["GET"]}}],"collection":[{"href":"https:\/\/dreamice-ks.com\/index.php\/wp-json\/wp\/v2\/product"}],"about":[{"href":"https:\/\/dreamice-ks.com\/index.php\/wp-json\/wp\/v2\/types\/product"}],"replies":[{"embeddable":true,"href":"https:\/\/dreamice-ks.com\/index.php\/wp-json\/wp\/v2\/comments?post=2467"}],"wp:featuredmedia":[{"embeddable":true,"href":"https:\/\/dreamice-ks.com\/index.php\/wp-json\/wp\/v2\/media\/2469"}],"wp:attachment":[{"href":"https:\/\/dreamice-ks.com\/index.php\/wp-json\/wp\/v2\/media?parent=2467"}],"wp:term":[{"taxonomy":"product_brand","embeddable":true,"href":"https:\/\/dreamice-ks.com\/index.php\/wp-json\/wp\/v2\/product_brand?post=2467"},{"taxonomy":"product_cat","embeddable":true,"href":"https:\/\/dreamice-ks.com\/index.php\/wp-json\/wp\/v2\/product_cat?post=2467"},{"taxonomy":"product_tag","embeddable":true,"href":"https:\/\/dreamice-ks.com\/index.php\/wp-json\/wp\/v2\/product_tag?post=2467"}],"curies":[{"name":"wp","href":"https:\/\/api.w.org\/{rel}","templated":true}]}}